{"id":25143,"date":"2023-03-10T07:22:00","date_gmt":"2023-03-10T07:22:00","guid":{"rendered":"http:\/\/coffeecup.ee\/juice-solutions\/"},"modified":"2023-05-08T05:11:28","modified_gmt":"2023-05-08T05:11:28","slug":"juice-solutions","status":"publish","type":"page","link":"https:\/\/coffeecup.ee\/en\/juice-solutions\/","title":{"rendered":"Juice solutions"},"content":{"rendered":"\t\t<div data-elementor-type=\"wp-page\" data-elementor-id=\"25143\" class=\"elementor elementor-25143 elementor-22824\">\n\t\t\t\t\t\t<section class=\"elementor-section elementor-top-section elementor-element elementor-element-3afa821 elementor-section-boxed elementor-section-height-default elementor-section-height-default\" data-id=\"3afa821\" data-element_type=\"section\" data-e-type=\"section\">\n\t\t\t\t\t\t<div class=\"elementor-container elementor-column-gap-default\">\n\t\t\t\t\t<div class=\"elementor-column elementor-col-25 elementor-top-column elementor-element elementor-element-1b98c4e\" data-id=\"1b98c4e\" data-element_type=\"column\" data-e-type=\"column\">\n\t\t\t<div class=\"elementor-widget-wrap\">\n\t\t\t\t\t\t\t<\/div>\n\t\t<\/div>\n\t\t\t\t<div class=\"elementor-column elementor-col-50 elementor-top-column elementor-element elementor-element-f33d2a5\" data-id=\"f33d2a5\" data-element_type=\"column\" data-e-type=\"column\">\n\t\t\t<div class=\"elementor-widget-wrap elementor-element-populated\">\n\t\t\t\t\t\t<div class=\"elementor-element elementor-element-4644a3a elementor-widget elementor-widget-image\" data-id=\"4644a3a\" data-element_type=\"widget\" data-e-type=\"widget\" data-widget_type=\"image.default\">\n\t\t\t\t<div class=\"elementor-widget-container\">\n\t\t\t\t\t\t\t\t\t\t\t\t\t\t\t<img decoding=\"async\" width=\"300\" height=\"74\" src=\"https:\/\/coffeecup.ee\/wp-content\/uploads\/2021\/05\/coffeecup-logo-01-sloganiga-valge_tausta_jaoks-300x74.png\" class=\"attachment-medium size-medium wp-image-23676\" alt=\"\" srcset=\"https:\/\/coffeecup.ee\/wp-content\/uploads\/2021\/05\/coffeecup-logo-01-sloganiga-valge_tausta_jaoks-300x74.png 300w, https:\/\/coffeecup.ee\/wp-content\/uploads\/2021\/05\/coffeecup-logo-01-sloganiga-valge_tausta_jaoks-768x190.png 768w, https:\/\/coffeecup.ee\/wp-content\/uploads\/2021\/05\/coffeecup-logo-01-sloganiga-valge_tausta_jaoks-790x196.png 790w, https:\/\/coffeecup.ee\/wp-content\/uploads\/2021\/05\/coffeecup-logo-01-sloganiga-valge_tausta_jaoks-800x198.png 800w, https:\/\/coffeecup.ee\/wp-content\/uploads\/2021\/05\/coffeecup-logo-01-sloganiga-valge_tausta_jaoks-600x149.png 600w, https:\/\/coffeecup.ee\/wp-content\/uploads\/2021\/05\/coffeecup-logo-01-sloganiga-valge_tausta_jaoks.png 1005w\" sizes=\"(max-width: 300px) 100vw, 300px\" \/>\t\t\t\t\t\t\t\t\t\t\t\t\t\t\t<\/div>\n\t\t\t\t<\/div>\n\t\t\t\t\t<\/div>\n\t\t<\/div>\n\t\t\t\t<div class=\"elementor-column elementor-col-25 elementor-top-column elementor-element elementor-element-e813aa5\" data-id=\"e813aa5\" data-element_type=\"column\" data-e-type=\"column\">\n\t\t\t<div class=\"elementor-widget-wrap\">\n\t\t\t\t\t\t\t<\/div>\n\t\t<\/div>\n\t\t\t\t\t<\/div>\n\t\t<\/section>\n\t\t\t\t<section class=\"elementor-section elementor-top-section elementor-element elementor-element-3c00895 elementor-section-boxed elementor-section-height-default elementor-section-height-default\" data-id=\"3c00895\" data-element_type=\"section\" data-e-type=\"section\">\n\t\t\t\t\t\t<div class=\"elementor-container elementor-column-gap-default\">\n\t\t\t\t\t<div class=\"elementor-column elementor-col-100 elementor-top-column elementor-element elementor-element-d5fd7b8\" data-id=\"d5fd7b8\" data-element_type=\"column\" data-e-type=\"column\">\n\t\t\t<div class=\"elementor-widget-wrap elementor-element-populated\">\n\t\t\t\t\t\t<div class=\"elementor-element elementor-element-7bbbd32 elementor-widget elementor-widget-text-editor\" data-id=\"7bbbd32\" data-element_type=\"widget\" data-e-type=\"widget\" data-widget_type=\"text-editor.default\">\n\t\t\t\t<div class=\"elementor-widget-container\">\n\t\t\t\t\t\t\t\t\t<p><strong><br \/>We offer fresh orange juice machines that are suitable for larger use in the HoReCa and self-service sectors. But why not to a big office too!<\/strong><\/p>\n<p>Please send us your details from this page so that we can contact you!<\/p>\n\t\t\t\t\t\t\t\t<\/div>\n\t\t\t\t<\/div>\n\t\t\t\t\t<\/div>\n\t\t<\/div>\n\t\t\t\t\t<\/div>\n\t\t<\/section>\n\t\t\t\t<section class=\"elementor-section elementor-top-section elementor-element elementor-element-22fb81f elementor-section-boxed elementor-section-height-default elementor-section-height-default\" data-id=\"22fb81f\" data-element_type=\"section\" data-e-type=\"section\">\n\t\t\t\t\t\t<div class=\"elementor-container elementor-column-gap-default\">\n\t\t\t\t\t<div class=\"elementor-column elementor-col-50 elementor-top-column elementor-element elementor-element-424e206\" data-id=\"424e206\" data-element_type=\"column\" data-e-type=\"column\">\n\t\t\t<div class=\"elementor-widget-wrap elementor-element-populated\">\n\t\t\t\t\t\t<div class=\"elementor-element elementor-element-52fa8c7 elementor-arrows-position-inside elementor-pagination-position-outside elementor-widget elementor-widget-image-carousel\" data-id=\"52fa8c7\" data-element_type=\"widget\" data-e-type=\"widget\" data-settings=\"{&quot;slides_to_show&quot;:&quot;1&quot;,&quot;navigation&quot;:&quot;both&quot;,&quot;autoplay&quot;:&quot;yes&quot;,&quot;pause_on_hover&quot;:&quot;yes&quot;,&quot;pause_on_interaction&quot;:&quot;yes&quot;,&quot;autoplay_speed&quot;:5000,&quot;infinite&quot;:&quot;yes&quot;,&quot;effect&quot;:&quot;slide&quot;,&quot;speed&quot;:500}\" data-widget_type=\"image-carousel.default\">\n\t\t\t\t<div class=\"elementor-widget-container\">\n\t\t\t\t\t\t\t<div class=\"elementor-image-carousel-wrapper swiper\" role=\"region\" aria-roledescription=\"carousel\" aria-label=\"Image Carousel\" dir=\"ltr\">\n\t\t\t<div class=\"elementor-image-carousel swiper-wrapper\" aria-live=\"off\">\n\t\t\t\t\t\t\t\t<div class=\"swiper-slide\" role=\"group\" aria-roledescription=\"slide\" aria-label=\"1 of 2\"><a data-elementor-open-lightbox=\"yes\" data-elementor-lightbox-slideshow=\"52fa8c7\" data-elementor-lightbox-title=\"ZumexVersatilePROPodium\" data-e-action-hash=\"#elementor-action%3Aaction%3Dlightbox%26settings%3DeyJpZCI6MjQ4MDAsInVybCI6Imh0dHBzOlwvXC9jb2ZmZWVjdXAuZWVcL3dwLWNvbnRlbnRcL3VwbG9hZHNcLzIwMTlcLzA2XC9adW1leFZlcnNhdGlsZVBST1BvZGl1bS5qcGciLCJzbGlkZXNob3ciOiI1MmZhOGM3In0%3D\" href=\"https:\/\/coffeecup.ee\/wp-content\/uploads\/2019\/06\/ZumexVersatilePROPodium.jpg\"><figure class=\"swiper-slide-inner\"><img decoding=\"async\" class=\"swiper-slide-image\" src=\"https:\/\/coffeecup.ee\/wp-content\/uploads\/2019\/06\/ZumexVersatilePROPodium.jpg\" alt=\"ZumexVersatilePROPodium\" \/><\/figure><\/a><\/div><div class=\"swiper-slide\" role=\"group\" aria-roledescription=\"slide\" aria-label=\"2 of 2\"><a data-elementor-open-lightbox=\"yes\" data-elementor-lightbox-slideshow=\"52fa8c7\" data-elementor-lightbox-title=\"ZumexVersatilePROsilverBig\" data-e-action-hash=\"#elementor-action%3Aaction%3Dlightbox%26settings%3DeyJpZCI6MjQ4MDEsInVybCI6Imh0dHBzOlwvXC9jb2ZmZWVjdXAuZWVcL3dwLWNvbnRlbnRcL3VwbG9hZHNcLzIwMTlcLzA2XC9adW1leFZlcnNhdGlsZVBST3NpbHZlckJpZy5qcGciLCJzbGlkZXNob3ciOiI1MmZhOGM3In0%3D\" href=\"https:\/\/coffeecup.ee\/wp-content\/uploads\/2019\/06\/ZumexVersatilePROsilverBig.jpg\"><figure class=\"swiper-slide-inner\"><img decoding=\"async\" class=\"swiper-slide-image\" src=\"https:\/\/coffeecup.ee\/wp-content\/uploads\/2019\/06\/ZumexVersatilePROsilverBig.jpg\" alt=\"ZumexVersatilePROsilverBig\" \/><\/figure><\/a><\/div>\t\t\t<\/div>\n\t\t\t\t\t\t\t\t\t\t\t\t<div class=\"elementor-swiper-button elementor-swiper-button-prev\" role=\"button\" tabindex=\"0\">\n\t\t\t\t\t\t<i aria-hidden=\"true\" class=\"eicon-chevron-left\"><\/i>\t\t\t\t\t<\/div>\n\t\t\t\t\t<div class=\"elementor-swiper-button elementor-swiper-button-next\" role=\"button\" tabindex=\"0\">\n\t\t\t\t\t\t<i aria-hidden=\"true\" class=\"eicon-chevron-right\"><\/i>\t\t\t\t\t<\/div>\n\t\t\t\t\n\t\t\t\t\t\t\t\t\t<div class=\"swiper-pagination\"><\/div>\n\t\t\t\t\t\t\t\t\t<\/div>\n\t\t\t\t\t\t<\/div>\n\t\t\t\t<\/div>\n\t\t\t\t\t<\/div>\n\t\t<\/div>\n\t\t\t\t<div class=\"elementor-column elementor-col-50 elementor-top-column elementor-element elementor-element-2fc4209\" data-id=\"2fc4209\" data-element_type=\"column\" data-e-type=\"column\">\n\t\t\t<div class=\"elementor-widget-wrap elementor-element-populated\">\n\t\t\t\t\t\t<div class=\"elementor-element elementor-element-7192d21 elementor-widget elementor-widget-text-editor\" data-id=\"7192d21\" data-element_type=\"widget\" data-e-type=\"widget\" data-widget_type=\"text-editor.default\">\n\t\t\t\t<div class=\"elementor-widget-container\">\n\t\t\t\t\t\t\t\t\t<h2> <\/h2>\n<h6>Zumex Versatile Self-Service PRO (Z250)<\/h6>\n<ul>\n<li>With a touch-sensitive graphic display that shows users the status of the machine at all times<\/li>\n<li>Multifunctional and professional self-service<\/li>\n<li>The extraction speed is 27 fruits per minute, which is approximately 1.9 liters of freshly squeezed juice per minute<\/li>\n<\/ul>\n\t\t\t\t\t\t\t\t<\/div>\n\t\t\t\t<\/div>\n\t\t\t\t\t<\/div>\n\t\t<\/div>\n\t\t\t\t\t<\/div>\n\t\t<\/section>\n\t\t\t\t<section class=\"elementor-section elementor-top-section elementor-element elementor-element-9331412 elementor-section-boxed elementor-section-height-default elementor-section-height-default\" data-id=\"9331412\" data-element_type=\"section\" data-e-type=\"section\">\n\t\t\t\t\t\t<div class=\"elementor-container elementor-column-gap-default\">\n\t\t\t\t\t<div class=\"elementor-column elementor-col-100 elementor-top-column elementor-element elementor-element-ea81b6e\" data-id=\"ea81b6e\" data-element_type=\"column\" data-e-type=\"column\">\n\t\t\t<div class=\"elementor-widget-wrap elementor-element-populated\">\n\t\t\t\t\t\t<div class=\"elementor-element elementor-element-a34495b elementor-widget elementor-widget-heading\" data-id=\"a34495b\" data-element_type=\"widget\" data-e-type=\"widget\" data-widget_type=\"heading.default\">\n\t\t\t\t<div class=\"elementor-widget-container\">\n\t\t\t\t\t<h2 class=\"elementor-heading-title elementor-size-default\">ASK FOR AN OFFER!<\/h2>\t\t\t\t<\/div>\n\t\t\t\t<\/div>\n\t\t\t\t\t<\/div>\n\t\t<\/div>\n\t\t\t\t\t<\/div>\n\t\t<\/section>\n\t\t\t\t<section class=\"elementor-section elementor-top-section elementor-element elementor-element-69a57c4 elementor-section-boxed elementor-section-height-default elementor-section-height-default\" data-id=\"69a57c4\" data-element_type=\"section\" data-e-type=\"section\">\n\t\t\t\t\t\t<div class=\"elementor-container elementor-column-gap-default\">\n\t\t\t\t\t<div class=\"elementor-column elementor-col-100 elementor-top-column elementor-element elementor-element-13f6e1b\" data-id=\"13f6e1b\" data-element_type=\"column\" data-e-type=\"column\">\n\t\t\t<div class=\"elementor-widget-wrap elementor-element-populated\">\n\t\t\t\t\t\t<div class=\"elementor-element elementor-element-8ee15de elementor-widget elementor-widget-lte-cf7\" data-id=\"8ee15de\" data-element_type=\"widget\" data-e-type=\"widget\" data-widget_type=\"lte-cf7.default\">\n\t\t\t\t<div class=\"elementor-widget-container\">\n\t\t\t\t\t<div class=\"lte-contact-form-7 lte-padding-yes lte-btn-black\">\n<div class=\"wpcf7 no-js\" id=\"wpcf7-f25162-o1\" lang=\"en-US\" dir=\"ltr\" data-wpcf7-id=\"25162\">\n<div class=\"screen-reader-response\"><p role=\"status\" aria-live=\"polite\" aria-atomic=\"true\"><\/p> <ul><\/ul><\/div>\n<form action=\"\/en\/wp-json\/wp\/v2\/pages\/25143#wpcf7-f25162-o1\" method=\"post\" class=\"wpcf7-form init\" aria-label=\"Contact form\" novalidate=\"novalidate\" data-status=\"init\">\n<fieldset class=\"hidden-fields-container\"><input type=\"hidden\" name=\"_wpcf7\" value=\"25162\" \/><input type=\"hidden\" name=\"_wpcf7_version\" value=\"6.1.5\" \/><input type=\"hidden\" name=\"_wpcf7_locale\" value=\"en_US\" \/><input type=\"hidden\" name=\"_wpcf7_unit_tag\" value=\"wpcf7-f25162-o1\" \/><input type=\"hidden\" name=\"_wpcf7_container_post\" value=\"0\" \/><input type=\"hidden\" name=\"_wpcf7_posted_data_hash\" value=\"\" \/><input type=\"hidden\" name=\"_wpcf7_recaptcha_response\" value=\"\" \/>\n<\/fieldset>\n<div class=\"row\">\n\t<div class=\"col-lg-6\">\n\t\t<p><label> Your name<br \/>\n<span class=\"wpcf7-form-control-wrap\" data-name=\"your-name\"><input size=\"40\" maxlength=\"400\" class=\"wpcf7-form-control wpcf7-text wpcf7-validates-as-required\" aria-required=\"true\" aria-invalid=\"false\" value=\"\" type=\"text\" name=\"your-name\" \/><\/span> <\/label>\n\t\t<\/p>\n\t<\/div>\n\t<div class=\"col-lg-6\">\n\t\t<p><label> Your email<br \/>\n<span class=\"wpcf7-form-control-wrap\" data-name=\"your-email\"><input size=\"40\" maxlength=\"400\" class=\"wpcf7-form-control wpcf7-email wpcf7-validates-as-required wpcf7-text wpcf7-validates-as-email\" aria-required=\"true\" aria-invalid=\"false\" value=\"\" type=\"email\" name=\"your-email\" \/><\/span> <\/label>\n\t\t<\/p>\n\t<\/div>\n\t<div class=\"col-lg-12\">\n\t\t<p><label> Phone<br \/>\n<span class=\"wpcf7-form-control-wrap\" data-name=\"Telefon\"><input size=\"40\" maxlength=\"400\" class=\"wpcf7-form-control wpcf7-tel wpcf7-validates-as-required wpcf7-text wpcf7-validates-as-tel\" aria-required=\"true\" aria-invalid=\"false\" value=\"\" type=\"tel\" name=\"Telefon\" \/><\/span> <\/label>\n\t\t<\/p>\n\t<\/div>\n\t<div class=\"col-lg-12\">\n\t\t<p><label> Subject<br \/>\n<span class=\"wpcf7-form-control-wrap\" data-name=\"your-subject\"><input size=\"40\" maxlength=\"400\" class=\"wpcf7-form-control wpcf7-text wpcf7-validates-as-required\" aria-required=\"true\" aria-invalid=\"false\" value=\"\" type=\"text\" name=\"your-subject\" \/><\/span> <\/label>\n\t\t<\/p>\n\t<\/div>\n\t<div class=\"col-lg-12\">\n\t\t<p><label> Message<br \/>\n<span class=\"wpcf7-form-control-wrap\" data-name=\"your-message\"><textarea cols=\"40\" rows=\"10\" maxlength=\"2000\" class=\"wpcf7-form-control wpcf7-textarea\" aria-invalid=\"false\" name=\"your-message\"><\/textarea><\/span> <\/label>\n\t\t<\/p>\n\t<\/div>\n<\/div>\n<p><input class=\"wpcf7-form-control wpcf7-submit has-spinner\" type=\"submit\" value=\"Send Message\" \/>\n<\/p><div class=\"wpcf7-response-output\" aria-hidden=\"true\"><\/div>\n<\/form>\n<\/div>\n<\/div>\t\t\t\t<\/div>\n\t\t\t\t<\/div>\n\t\t\t\t\t<\/div>\n\t\t<\/div>\n\t\t\t\t\t<\/div>\n\t\t<\/section>\n\t\t\t\t<section class=\"elementor-section elementor-top-section elementor-element elementor-element-5ff1119 elementor-section-boxed elementor-section-height-default elementor-section-height-default\" data-id=\"5ff1119\" data-element_type=\"section\" data-e-type=\"section\">\n\t\t\t\t\t\t<div class=\"elementor-container elementor-column-gap-default\">\n\t\t\t\t\t<div class=\"elementor-column elementor-col-100 elementor-top-column elementor-element elementor-element-1a6a250\" data-id=\"1a6a250\" data-element_type=\"column\" data-e-type=\"column\">\n\t\t\t<div class=\"elementor-widget-wrap elementor-element-populated\">\n\t\t\t\t\t\t<div class=\"elementor-element elementor-element-67f9124 elementor-widget elementor-widget-text-editor\" data-id=\"67f9124\" data-element_type=\"widget\" data-e-type=\"widget\" data-widget_type=\"text-editor.default\">\n\t\t\t\t<div class=\"elementor-widget-container\">\n\t\t\t\t\t\t\t\t\t<p>QUERY CONTACT: L\u00f5\u00f5tsa tn 5, Tallinn, 11415 | COFFEECUP O\u00dc | +372-6835388 | coffeecup@coffeecup.ee<\/p>\n\t\t\t\t\t\t\t\t<\/div>\n\t\t\t\t<\/div>\n\t\t\t\t\t<\/div>\n\t\t<\/div>\n\t\t\t\t\t<\/div>\n\t\t<\/section>\n\t\t\t\t<\/div>\n\t\t","protected":false},"excerpt":{"rendered":"<p>We offer fresh orange juice machines that are suitable for larger use in the HoReCa and self-service sectors. But why not to a big office too! Please send us your details from this page so that we can contact you! Previous Next Zumex Versatile Self-Service PRO (Z250) With a touch-sensitive graphic display that shows users [&hellip;]<\/p>\n","protected":false},"author":2,"featured_media":24802,"parent":0,"menu_order":0,"comment_status":"closed","ping_status":"closed","template":"","meta":{"om_disable_all_campaigns":false,"_monsterinsights_skip_tracking":false,"_monsterinsights_sitenote_active":false,"_monsterinsights_sitenote_note":"","_monsterinsights_sitenote_category":0,"_uf_show_specific_survey":0,"_uf_disable_surveys":false,"footnotes":""},"class_list":["post-25143","page","type-page","status-publish","has-post-thumbnail","hentry"],"yoast_head":"<!-- This site is optimized with the Yoast SEO plugin v27.4 - https:\/\/yoast.com\/product\/yoast-seo-wordpress\/ -->\n<title>Juice solutions - Coffeecup.ee<\/title>\n<meta name=\"description\" content=\"Enjoy clean drinking water from stylish drinking water machines both at home and in the office. Chilled, unchilled, hot or carbonated.\" \/>\n<meta name=\"robots\" content=\"index, follow, max-snippet:-1, max-image-preview:large, max-video-preview:-1\" \/>\n<link rel=\"canonical\" href=\"https:\/\/coffeecup.ee\/en\/juice-solutions\/\" \/>\n<meta property=\"og:locale\" content=\"en_US\" \/>\n<meta property=\"og:type\" content=\"article\" \/>\n<meta property=\"og:title\" content=\"Juice solutions - Coffeecup.ee\" \/>\n<meta property=\"og:description\" content=\"Enjoy clean drinking water from stylish drinking water machines both at home and in the office. Chilled, unchilled, hot or carbonated.\" \/>\n<meta property=\"og:url\" content=\"https:\/\/coffeecup.ee\/en\/juice-solutions\/\" \/>\n<meta property=\"og:site_name\" content=\"Coffeecup.ee\" \/>\n<meta property=\"article:publisher\" content=\"https:\/\/www.facebook.com\/CoffeeCup.ee\/\" \/>\n<meta property=\"article:modified_time\" content=\"2023-05-08T05:11:28+00:00\" \/>\n<meta property=\"og:image\" content=\"https:\/\/coffeecup.ee\/wp-content\/uploads\/2023\/03\/l-intro-1655473463.jpg\" \/>\n\t<meta property=\"og:image:width\" content=\"1600\" \/>\n\t<meta property=\"og:image:height\" content=\"898\" \/>\n\t<meta property=\"og:image:type\" content=\"image\/jpeg\" \/>\n<meta name=\"twitter:card\" content=\"summary_large_image\" \/>\n<meta name=\"twitter:site\" content=\"@coffeecupee\" \/>\n<meta name=\"twitter:label1\" content=\"Est. reading time\" \/>\n\t<meta name=\"twitter:data1\" content=\"1 minute\" \/>\n<script type=\"application\/ld+json\" class=\"yoast-schema-graph\">{\"@context\":\"https:\\\/\\\/schema.org\",\"@graph\":[{\"@type\":\"WebPage\",\"@id\":\"https:\\\/\\\/coffeecup.ee\\\/en\\\/juice-solutions\\\/\",\"url\":\"https:\\\/\\\/coffeecup.ee\\\/en\\\/juice-solutions\\\/\",\"name\":\"Juice solutions - Coffeecup.ee\",\"isPartOf\":{\"@id\":\"https:\\\/\\\/coffeecup.ee\\\/en\\\/#website\"},\"primaryImageOfPage\":{\"@id\":\"https:\\\/\\\/coffeecup.ee\\\/en\\\/juice-solutions\\\/#primaryimage\"},\"image\":{\"@id\":\"https:\\\/\\\/coffeecup.ee\\\/en\\\/juice-solutions\\\/#primaryimage\"},\"thumbnailUrl\":\"https:\\\/\\\/coffeecup.ee\\\/wp-content\\\/uploads\\\/2023\\\/03\\\/l-intro-1655473463.jpg\",\"datePublished\":\"2023-03-10T07:22:00+00:00\",\"dateModified\":\"2023-05-08T05:11:28+00:00\",\"description\":\"Enjoy clean drinking water from stylish drinking water machines both at home and in the office. Chilled, unchilled, hot or carbonated.\",\"breadcrumb\":{\"@id\":\"https:\\\/\\\/coffeecup.ee\\\/en\\\/juice-solutions\\\/#breadcrumb\"},\"inLanguage\":\"en-US\",\"potentialAction\":[{\"@type\":\"ReadAction\",\"target\":[\"https:\\\/\\\/coffeecup.ee\\\/en\\\/juice-solutions\\\/\"]}]},{\"@type\":\"ImageObject\",\"inLanguage\":\"en-US\",\"@id\":\"https:\\\/\\\/coffeecup.ee\\\/en\\\/juice-solutions\\\/#primaryimage\",\"url\":\"https:\\\/\\\/coffeecup.ee\\\/wp-content\\\/uploads\\\/2023\\\/03\\\/l-intro-1655473463.jpg\",\"contentUrl\":\"https:\\\/\\\/coffeecup.ee\\\/wp-content\\\/uploads\\\/2023\\\/03\\\/l-intro-1655473463.jpg\",\"width\":1600,\"height\":898},{\"@type\":\"BreadcrumbList\",\"@id\":\"https:\\\/\\\/coffeecup.ee\\\/en\\\/juice-solutions\\\/#breadcrumb\",\"itemListElement\":[{\"@type\":\"ListItem\",\"position\":1,\"name\":\"Home\",\"item\":\"https:\\\/\\\/coffeecup.ee\\\/en\\\/\"},{\"@type\":\"ListItem\",\"position\":2,\"name\":\"Juice solutions\"}]},{\"@type\":\"WebSite\",\"@id\":\"https:\\\/\\\/coffeecup.ee\\\/en\\\/#website\",\"url\":\"https:\\\/\\\/coffeecup.ee\\\/en\\\/\",\"name\":\"Coffeecup.ee - Kohvipood\",\"description\":\"CoffeeCup - Kohvioad ja kohvimasinad\",\"potentialAction\":[{\"@type\":\"SearchAction\",\"target\":{\"@type\":\"EntryPoint\",\"urlTemplate\":\"https:\\\/\\\/coffeecup.ee\\\/en\\\/?s={search_term_string}\"},\"query-input\":{\"@type\":\"PropertyValueSpecification\",\"valueRequired\":true,\"valueName\":\"search_term_string\"}}],\"inLanguage\":\"en-US\"}]}<\/script>\n<!-- \/ Yoast SEO plugin. -->","yoast_head_json":{"title":"Juice solutions - Coffeecup.ee","description":"Enjoy clean drinking water from stylish drinking water machines both at home and in the office. Chilled, unchilled, hot or carbonated.","robots":{"index":"index","follow":"follow","max-snippet":"max-snippet:-1","max-image-preview":"max-image-preview:large","max-video-preview":"max-video-preview:-1"},"canonical":"https:\/\/coffeecup.ee\/en\/juice-solutions\/","og_locale":"en_US","og_type":"article","og_title":"Juice solutions - Coffeecup.ee","og_description":"Enjoy clean drinking water from stylish drinking water machines both at home and in the office. Chilled, unchilled, hot or carbonated.","og_url":"https:\/\/coffeecup.ee\/en\/juice-solutions\/","og_site_name":"Coffeecup.ee","article_publisher":"https:\/\/www.facebook.com\/CoffeeCup.ee\/","article_modified_time":"2023-05-08T05:11:28+00:00","og_image":[{"width":1600,"height":898,"url":"https:\/\/coffeecup.ee\/wp-content\/uploads\/2023\/03\/l-intro-1655473463.jpg","type":"image\/jpeg"}],"twitter_card":"summary_large_image","twitter_site":"@coffeecupee","twitter_misc":{"Est. reading time":"1 minute"},"schema":{"@context":"https:\/\/schema.org","@graph":[{"@type":"WebPage","@id":"https:\/\/coffeecup.ee\/en\/juice-solutions\/","url":"https:\/\/coffeecup.ee\/en\/juice-solutions\/","name":"Juice solutions - Coffeecup.ee","isPartOf":{"@id":"https:\/\/coffeecup.ee\/en\/#website"},"primaryImageOfPage":{"@id":"https:\/\/coffeecup.ee\/en\/juice-solutions\/#primaryimage"},"image":{"@id":"https:\/\/coffeecup.ee\/en\/juice-solutions\/#primaryimage"},"thumbnailUrl":"https:\/\/coffeecup.ee\/wp-content\/uploads\/2023\/03\/l-intro-1655473463.jpg","datePublished":"2023-03-10T07:22:00+00:00","dateModified":"2023-05-08T05:11:28+00:00","description":"Enjoy clean drinking water from stylish drinking water machines both at home and in the office. Chilled, unchilled, hot or carbonated.","breadcrumb":{"@id":"https:\/\/coffeecup.ee\/en\/juice-solutions\/#breadcrumb"},"inLanguage":"en-US","potentialAction":[{"@type":"ReadAction","target":["https:\/\/coffeecup.ee\/en\/juice-solutions\/"]}]},{"@type":"ImageObject","inLanguage":"en-US","@id":"https:\/\/coffeecup.ee\/en\/juice-solutions\/#primaryimage","url":"https:\/\/coffeecup.ee\/wp-content\/uploads\/2023\/03\/l-intro-1655473463.jpg","contentUrl":"https:\/\/coffeecup.ee\/wp-content\/uploads\/2023\/03\/l-intro-1655473463.jpg","width":1600,"height":898},{"@type":"BreadcrumbList","@id":"https:\/\/coffeecup.ee\/en\/juice-solutions\/#breadcrumb","itemListElement":[{"@type":"ListItem","position":1,"name":"Home","item":"https:\/\/coffeecup.ee\/en\/"},{"@type":"ListItem","position":2,"name":"Juice solutions"}]},{"@type":"WebSite","@id":"https:\/\/coffeecup.ee\/en\/#website","url":"https:\/\/coffeecup.ee\/en\/","name":"Coffeecup.ee - Kohvipood","description":"CoffeeCup - Kohvioad ja kohvimasinad","potentialAction":[{"@type":"SearchAction","target":{"@type":"EntryPoint","urlTemplate":"https:\/\/coffeecup.ee\/en\/?s={search_term_string}"},"query-input":{"@type":"PropertyValueSpecification","valueRequired":true,"valueName":"search_term_string"}}],"inLanguage":"en-US"}]}},"_links":{"self":[{"href":"https:\/\/coffeecup.ee\/en\/wp-json\/wp\/v2\/pages\/25143","targetHints":{"allow":["GET"]}}],"collection":[{"href":"https:\/\/coffeecup.ee\/en\/wp-json\/wp\/v2\/pages"}],"about":[{"href":"https:\/\/coffeecup.ee\/en\/wp-json\/wp\/v2\/types\/page"}],"author":[{"embeddable":true,"href":"https:\/\/coffeecup.ee\/en\/wp-json\/wp\/v2\/users\/2"}],"replies":[{"embeddable":true,"href":"https:\/\/coffeecup.ee\/en\/wp-json\/wp\/v2\/comments?post=25143"}],"version-history":[{"count":1,"href":"https:\/\/coffeecup.ee\/en\/wp-json\/wp\/v2\/pages\/25143\/revisions"}],"predecessor-version":[{"id":25145,"href":"https:\/\/coffeecup.ee\/en\/wp-json\/wp\/v2\/pages\/25143\/revisions\/25145"}],"wp:featuredmedia":[{"embeddable":true,"href":"https:\/\/coffeecup.ee\/en\/wp-json\/wp\/v2\/media\/24802"}],"wp:attachment":[{"href":"https:\/\/coffeecup.ee\/en\/wp-json\/wp\/v2\/media?parent=25143"}],"curies":[{"name":"wp","href":"https:\/\/api.w.org\/{rel}","templated":true}]}}