{"id":25134,"date":"2022-10-10T17:44:56","date_gmt":"2022-10-10T17:44:56","guid":{"rendered":"https:\/\/coffeecup.ee\/tastings\/"},"modified":"2023-05-08T05:00:09","modified_gmt":"2023-05-08T05:00:09","slug":"tastings","status":"publish","type":"page","link":"https:\/\/coffeecup.ee\/en\/tastings\/","title":{"rendered":"Tastings"},"content":{"rendered":"\t\t<div data-elementor-type=\"wp-page\" data-elementor-id=\"25134\" class=\"elementor elementor-25134 elementor-21429\">\n\t\t\t\t\t\t<section class=\"elementor-section elementor-top-section elementor-element elementor-element-3afa821 elementor-section-boxed elementor-section-height-default elementor-section-height-default\" data-id=\"3afa821\" data-element_type=\"section\" data-e-type=\"section\">\n\t\t\t\t\t\t<div class=\"elementor-container elementor-column-gap-default\">\n\t\t\t\t\t<div class=\"elementor-column elementor-col-25 elementor-top-column elementor-element elementor-element-1b98c4e\" data-id=\"1b98c4e\" data-element_type=\"column\" data-e-type=\"column\">\n\t\t\t<div class=\"elementor-widget-wrap\">\n\t\t\t\t\t\t\t<\/div>\n\t\t<\/div>\n\t\t\t\t<div class=\"elementor-column elementor-col-50 elementor-top-column elementor-element elementor-element-f33d2a5\" data-id=\"f33d2a5\" data-element_type=\"column\" data-e-type=\"column\">\n\t\t\t<div class=\"elementor-widget-wrap elementor-element-populated\">\n\t\t\t\t\t\t<div class=\"elementor-element elementor-element-4644a3a elementor-widget elementor-widget-image\" data-id=\"4644a3a\" data-element_type=\"widget\" data-e-type=\"widget\" data-widget_type=\"image.default\">\n\t\t\t\t<div class=\"elementor-widget-container\">\n\t\t\t\t\t\t\t\t\t\t\t\t\t\t\t<img decoding=\"async\" width=\"300\" height=\"74\" src=\"https:\/\/coffeecup.ee\/wp-content\/uploads\/2021\/05\/coffeecup-logo-01-sloganiga-valge_tausta_jaoks-300x74.png\" class=\"attachment-medium size-medium wp-image-23676\" alt=\"\" srcset=\"https:\/\/coffeecup.ee\/wp-content\/uploads\/2021\/05\/coffeecup-logo-01-sloganiga-valge_tausta_jaoks-300x74.png 300w, https:\/\/coffeecup.ee\/wp-content\/uploads\/2021\/05\/coffeecup-logo-01-sloganiga-valge_tausta_jaoks-768x190.png 768w, https:\/\/coffeecup.ee\/wp-content\/uploads\/2021\/05\/coffeecup-logo-01-sloganiga-valge_tausta_jaoks-790x196.png 790w, https:\/\/coffeecup.ee\/wp-content\/uploads\/2021\/05\/coffeecup-logo-01-sloganiga-valge_tausta_jaoks-800x198.png 800w, https:\/\/coffeecup.ee\/wp-content\/uploads\/2021\/05\/coffeecup-logo-01-sloganiga-valge_tausta_jaoks-600x149.png 600w, https:\/\/coffeecup.ee\/wp-content\/uploads\/2021\/05\/coffeecup-logo-01-sloganiga-valge_tausta_jaoks.png 1005w\" sizes=\"(max-width: 300px) 100vw, 300px\" \/>\t\t\t\t\t\t\t\t\t\t\t\t\t\t\t<\/div>\n\t\t\t\t<\/div>\n\t\t\t\t\t<\/div>\n\t\t<\/div>\n\t\t\t\t<div class=\"elementor-column elementor-col-25 elementor-top-column elementor-element elementor-element-e813aa5\" data-id=\"e813aa5\" data-element_type=\"column\" data-e-type=\"column\">\n\t\t\t<div class=\"elementor-widget-wrap\">\n\t\t\t\t\t\t\t<\/div>\n\t\t<\/div>\n\t\t\t\t\t<\/div>\n\t\t<\/section>\n\t\t\t\t<section class=\"elementor-section elementor-top-section elementor-element elementor-element-3c00895 elementor-section-boxed elementor-section-height-default elementor-section-height-default\" data-id=\"3c00895\" data-element_type=\"section\" data-e-type=\"section\">\n\t\t\t\t\t\t<div class=\"elementor-container elementor-column-gap-default\">\n\t\t\t\t\t<div class=\"elementor-column elementor-col-100 elementor-top-column elementor-element elementor-element-d5fd7b8\" data-id=\"d5fd7b8\" data-element_type=\"column\" data-e-type=\"column\">\n\t\t\t<div class=\"elementor-widget-wrap elementor-element-populated\">\n\t\t\t\t\t\t<div class=\"elementor-element elementor-element-7bbbd32 elementor-widget elementor-widget-text-editor\" data-id=\"7bbbd32\" data-element_type=\"widget\" data-e-type=\"widget\" data-widget_type=\"text-editor.default\">\n\t\t\t\t<div class=\"elementor-widget-container\">\n\t\t\t\t\t\t\t\t\t<h6><span style=\"color: #000000;\"><span style=\"caret-color: #000000;\"><b><br \/>CoffeeCup coffee tasting<\/b><\/span><\/span><\/h6>\n\t\t\t\t\t\t\t\t<\/div>\n\t\t\t\t<\/div>\n\t\t\t\t\t<\/div>\n\t\t<\/div>\n\t\t\t\t\t<\/div>\n\t\t<\/section>\n\t\t\t\t<section class=\"elementor-section elementor-top-section elementor-element elementor-element-7be243e elementor-section-boxed elementor-section-height-default elementor-section-height-default\" data-id=\"7be243e\" data-element_type=\"section\" data-e-type=\"section\">\n\t\t\t\t\t\t<div class=\"elementor-container elementor-column-gap-default\">\n\t\t\t\t\t<div class=\"elementor-column elementor-col-100 elementor-top-column elementor-element elementor-element-a0baf65\" data-id=\"a0baf65\" data-element_type=\"column\" data-e-type=\"column\">\n\t\t\t<div class=\"elementor-widget-wrap elementor-element-populated\">\n\t\t\t\t\t\t<div class=\"elementor-element elementor-element-be5c5ec elementor-widget elementor-widget-text-editor\" data-id=\"be5c5ec\" data-element_type=\"widget\" data-e-type=\"widget\" data-widget_type=\"text-editor.default\">\n\t\t\t\t<div class=\"elementor-widget-container\">\n\t\t\t\t\t\t\t\t\t<p>Coffee tasting or <em>cupping<\/em>, the goal of which is to find the coffee that best suits your taste buds, either in the office, in a coffee shop, or even in your home office.<\/p><\/p>\n\t\t\t\t\t\t\t\t<\/div>\n\t\t\t\t<\/div>\n\t\t\t\t\t<\/div>\n\t\t<\/div>\n\t\t\t\t\t<\/div>\n\t\t<\/section>\n\t\t\t\t<section class=\"elementor-section elementor-top-section elementor-element elementor-element-03daf2f elementor-section-boxed elementor-section-height-default elementor-section-height-default\" data-id=\"03daf2f\" data-element_type=\"section\" data-e-type=\"section\">\n\t\t\t\t\t\t<div class=\"elementor-container elementor-column-gap-default\">\n\t\t\t\t\t<div class=\"elementor-column elementor-col-100 elementor-top-column elementor-element elementor-element-3da1e01\" data-id=\"3da1e01\" data-element_type=\"column\" data-e-type=\"column\">\n\t\t\t<div class=\"elementor-widget-wrap elementor-element-populated\">\n\t\t\t\t\t\t<div class=\"elementor-element elementor-element-1430545 elementor-widget elementor-widget-text-editor\" data-id=\"1430545\" data-element_type=\"widget\" data-e-type=\"widget\" data-widget_type=\"text-editor.default\">\n\t\t\t\t<div class=\"elementor-widget-container\">\n\t\t\t\t\t\t\t\t\t<p>The taste of coffee is influenced by many different factors: where the coffee is grown, what type of coffee is grown, how the fruits are removed from the beans, how the coffee is mixed and roasted. And these are just a few factors.<\/p>\n<p>CoffeeCup&#8217;s green coffee beans come from several different coffee countries such as Brazil, Colombia, Guatemala and more.<br \/>Each coffee has different nuances of taste and aroma, which are influenced by its origin, variety, climate and processing methods.<\/p>\n<p>There is a form to help rate the coffees you tasted, where you can write down what you liked or didn&#8217;t like about the coffees you tasted. <\/p>\n<p>We offer up to 8 different coffees to taste.<\/p>\n<p>If you are interested, fill out the contact form below and we will get in touch!<\/p>\n\t\t\t\t\t\t\t\t<\/div>\n\t\t\t\t<\/div>\n\t\t\t\t\t<\/div>\n\t\t<\/div>\n\t\t\t\t\t<\/div>\n\t\t<\/section>\n\t\t\t\t<section class=\"elementor-section elementor-top-section elementor-element elementor-element-39484ed elementor-section-boxed elementor-section-height-default elementor-section-height-default\" data-id=\"39484ed\" data-element_type=\"section\" data-e-type=\"section\">\n\t\t\t\t\t\t<div class=\"elementor-container elementor-column-gap-default\">\n\t\t\t\t\t<div class=\"elementor-column elementor-col-50 elementor-top-column elementor-element elementor-element-ad56574\" data-id=\"ad56574\" data-element_type=\"column\" data-e-type=\"column\">\n\t\t\t<div class=\"elementor-widget-wrap elementor-element-populated\">\n\t\t\t\t\t\t<div class=\"elementor-element elementor-element-d642b0f elementor-arrows-position-inside elementor-pagination-position-outside elementor-widget elementor-widget-image-carousel\" data-id=\"d642b0f\" data-element_type=\"widget\" data-e-type=\"widget\" data-settings=\"{&quot;slides_to_show&quot;:&quot;1&quot;,&quot;navigation&quot;:&quot;both&quot;,&quot;autoplay&quot;:&quot;yes&quot;,&quot;pause_on_hover&quot;:&quot;yes&quot;,&quot;pause_on_interaction&quot;:&quot;yes&quot;,&quot;autoplay_speed&quot;:5000,&quot;infinite&quot;:&quot;yes&quot;,&quot;effect&quot;:&quot;slide&quot;,&quot;speed&quot;:500}\" data-widget_type=\"image-carousel.default\">\n\t\t\t\t<div class=\"elementor-widget-container\">\n\t\t\t\t\t\t\t<div class=\"elementor-image-carousel-wrapper swiper\" role=\"region\" aria-roledescription=\"carousel\" aria-label=\"Image Carousel\" dir=\"ltr\">\n\t\t\t<div class=\"elementor-image-carousel swiper-wrapper\" aria-live=\"off\">\n\t\t\t\t\t\t\t\t<div class=\"swiper-slide\" role=\"group\" aria-roledescription=\"slide\" aria-label=\"1 of 1\"><a data-elementor-open-lightbox=\"yes\" data-elementor-lightbox-slideshow=\"d642b0f\" data-elementor-lightbox-title=\"1\" data-e-action-hash=\"#elementor-action%3Aaction%3Dlightbox%26settings%3DeyJpZCI6MjQ3MjksInVybCI6Imh0dHBzOlwvXC9jb2ZmZWVjdXAuZWVcL3dwLWNvbnRlbnRcL3VwbG9hZHNcLzIwMTlcLzA2XC8xLTIucG5nIiwic2xpZGVzaG93IjoiZDY0MmIwZiJ9\" href=\"https:\/\/coffeecup.ee\/wp-content\/uploads\/2019\/06\/1-2.png\"><figure class=\"swiper-slide-inner\"><img decoding=\"async\" class=\"swiper-slide-image\" src=\"https:\/\/coffeecup.ee\/wp-content\/uploads\/2019\/06\/1-2.png\" alt=\"1\" \/><\/figure><\/a><\/div>\t\t\t<\/div>\n\t\t\t\t\t<\/div>\n\t\t\t\t\t\t<\/div>\n\t\t\t\t<\/div>\n\t\t\t\t\t<\/div>\n\t\t<\/div>\n\t\t\t\t<div class=\"elementor-column elementor-col-50 elementor-top-column elementor-element elementor-element-f55150b\" data-id=\"f55150b\" data-element_type=\"column\" data-e-type=\"column\">\n\t\t\t<div class=\"elementor-widget-wrap elementor-element-populated\">\n\t\t\t\t\t\t<div class=\"elementor-element elementor-element-b3bc787 elementor-arrows-position-inside elementor-pagination-position-outside elementor-widget elementor-widget-image-carousel\" data-id=\"b3bc787\" data-element_type=\"widget\" data-e-type=\"widget\" data-settings=\"{&quot;slides_to_show&quot;:&quot;1&quot;,&quot;navigation&quot;:&quot;both&quot;,&quot;autoplay&quot;:&quot;yes&quot;,&quot;pause_on_hover&quot;:&quot;yes&quot;,&quot;pause_on_interaction&quot;:&quot;yes&quot;,&quot;autoplay_speed&quot;:5000,&quot;infinite&quot;:&quot;yes&quot;,&quot;effect&quot;:&quot;slide&quot;,&quot;speed&quot;:500}\" data-widget_type=\"image-carousel.default\">\n\t\t\t\t<div class=\"elementor-widget-container\">\n\t\t\t\t\t\t\t<div class=\"elementor-image-carousel-wrapper swiper\" role=\"region\" aria-roledescription=\"carousel\" aria-label=\"Image Carousel\" dir=\"ltr\">\n\t\t\t<div class=\"elementor-image-carousel swiper-wrapper\" aria-live=\"off\">\n\t\t\t\t\t\t\t\t<div class=\"swiper-slide\" role=\"group\" aria-roledescription=\"slide\" aria-label=\"1 of 1\"><a data-elementor-open-lightbox=\"yes\" data-elementor-lightbox-slideshow=\"b3bc787\" data-elementor-lightbox-title=\"2\" data-e-action-hash=\"#elementor-action%3Aaction%3Dlightbox%26settings%3DeyJpZCI6MjQ3MzAsInVybCI6Imh0dHBzOlwvXC9jb2ZmZWVjdXAuZWVcL3dwLWNvbnRlbnRcL3VwbG9hZHNcLzIwMTlcLzA2XC8yLTQucG5nIiwic2xpZGVzaG93IjoiYjNiYzc4NyJ9\" href=\"https:\/\/coffeecup.ee\/wp-content\/uploads\/2019\/06\/2-4.png\"><figure class=\"swiper-slide-inner\"><img decoding=\"async\" class=\"swiper-slide-image\" src=\"https:\/\/coffeecup.ee\/wp-content\/uploads\/2019\/06\/2-4.png\" alt=\"2\" \/><\/figure><\/a><\/div>\t\t\t<\/div>\n\t\t\t\t\t<\/div>\n\t\t\t\t\t\t<\/div>\n\t\t\t\t<\/div>\n\t\t\t\t\t<\/div>\n\t\t<\/div>\n\t\t\t\t\t<\/div>\n\t\t<\/section>\n\t\t\t\t<section class=\"elementor-section elementor-top-section elementor-element elementor-element-9331412 elementor-section-boxed elementor-section-height-default elementor-section-height-default\" data-id=\"9331412\" data-element_type=\"section\" data-e-type=\"section\">\n\t\t\t\t\t\t<div class=\"elementor-container elementor-column-gap-default\">\n\t\t\t\t\t<div class=\"elementor-column elementor-col-100 elementor-top-column elementor-element elementor-element-ea81b6e\" data-id=\"ea81b6e\" data-element_type=\"column\" data-e-type=\"column\">\n\t\t\t<div class=\"elementor-widget-wrap elementor-element-populated\">\n\t\t\t\t\t\t<div class=\"elementor-element elementor-element-a34495b elementor-widget elementor-widget-heading\" data-id=\"a34495b\" data-element_type=\"widget\" data-e-type=\"widget\" data-widget_type=\"heading.default\">\n\t\t\t\t<div class=\"elementor-widget-container\">\n\t\t\t\t\t<h2 class=\"elementor-heading-title elementor-size-default\"><br>Contact us!<\/h2>\t\t\t\t<\/div>\n\t\t\t\t<\/div>\n\t\t\t\t\t<\/div>\n\t\t<\/div>\n\t\t\t\t\t<\/div>\n\t\t<\/section>\n\t\t\t\t<section class=\"elementor-section elementor-top-section elementor-element elementor-element-69a57c4 elementor-section-boxed elementor-section-height-default elementor-section-height-default\" data-id=\"69a57c4\" data-element_type=\"section\" data-e-type=\"section\">\n\t\t\t\t\t\t<div class=\"elementor-container elementor-column-gap-default\">\n\t\t\t\t\t<div class=\"elementor-column elementor-col-100 elementor-top-column elementor-element elementor-element-13f6e1b\" data-id=\"13f6e1b\" data-element_type=\"column\" data-e-type=\"column\">\n\t\t\t<div class=\"elementor-widget-wrap elementor-element-populated\">\n\t\t\t\t\t\t<div class=\"elementor-element elementor-element-8ee15de elementor-widget elementor-widget-lte-cf7\" data-id=\"8ee15de\" data-element_type=\"widget\" data-e-type=\"widget\" data-widget_type=\"lte-cf7.default\">\n\t\t\t\t<div class=\"elementor-widget-container\">\n\t\t\t\t\t<div class=\"lte-contact-form-7 lte-padding-yes lte-btn-black\">\n<div class=\"wpcf7 no-js\" id=\"wpcf7-f25162-o1\" lang=\"en-US\" dir=\"ltr\" data-wpcf7-id=\"25162\">\n<div class=\"screen-reader-response\"><p role=\"status\" aria-live=\"polite\" aria-atomic=\"true\"><\/p> <ul><\/ul><\/div>\n<form action=\"\/en\/wp-json\/wp\/v2\/pages\/25134#wpcf7-f25162-o1\" method=\"post\" class=\"wpcf7-form init\" aria-label=\"Contact form\" novalidate=\"novalidate\" data-status=\"init\">\n<fieldset class=\"hidden-fields-container\"><input type=\"hidden\" name=\"_wpcf7\" value=\"25162\" \/><input type=\"hidden\" name=\"_wpcf7_version\" value=\"6.1.5\" \/><input type=\"hidden\" name=\"_wpcf7_locale\" value=\"en_US\" \/><input type=\"hidden\" name=\"_wpcf7_unit_tag\" value=\"wpcf7-f25162-o1\" \/><input type=\"hidden\" name=\"_wpcf7_container_post\" value=\"0\" \/><input type=\"hidden\" name=\"_wpcf7_posted_data_hash\" value=\"\" \/><input type=\"hidden\" name=\"_wpcf7_recaptcha_response\" value=\"\" \/>\n<\/fieldset>\n<div class=\"row\">\n\t<div class=\"col-lg-6\">\n\t\t<p><label> Your name<br \/>\n<span class=\"wpcf7-form-control-wrap\" data-name=\"your-name\"><input size=\"40\" maxlength=\"400\" class=\"wpcf7-form-control wpcf7-text wpcf7-validates-as-required\" aria-required=\"true\" aria-invalid=\"false\" value=\"\" type=\"text\" name=\"your-name\" \/><\/span> <\/label>\n\t\t<\/p>\n\t<\/div>\n\t<div class=\"col-lg-6\">\n\t\t<p><label> Your email<br \/>\n<span class=\"wpcf7-form-control-wrap\" data-name=\"your-email\"><input size=\"40\" maxlength=\"400\" class=\"wpcf7-form-control wpcf7-email wpcf7-validates-as-required wpcf7-text wpcf7-validates-as-email\" aria-required=\"true\" aria-invalid=\"false\" value=\"\" type=\"email\" name=\"your-email\" \/><\/span> <\/label>\n\t\t<\/p>\n\t<\/div>\n\t<div class=\"col-lg-12\">\n\t\t<p><label> Phone<br \/>\n<span class=\"wpcf7-form-control-wrap\" data-name=\"Telefon\"><input size=\"40\" maxlength=\"400\" class=\"wpcf7-form-control wpcf7-tel wpcf7-validates-as-required wpcf7-text wpcf7-validates-as-tel\" aria-required=\"true\" aria-invalid=\"false\" value=\"\" type=\"tel\" name=\"Telefon\" \/><\/span> <\/label>\n\t\t<\/p>\n\t<\/div>\n\t<div class=\"col-lg-12\">\n\t\t<p><label> Subject<br \/>\n<span class=\"wpcf7-form-control-wrap\" data-name=\"your-subject\"><input size=\"40\" maxlength=\"400\" class=\"wpcf7-form-control wpcf7-text wpcf7-validates-as-required\" aria-required=\"true\" aria-invalid=\"false\" value=\"\" type=\"text\" name=\"your-subject\" \/><\/span> <\/label>\n\t\t<\/p>\n\t<\/div>\n\t<div class=\"col-lg-12\">\n\t\t<p><label> Message<br \/>\n<span class=\"wpcf7-form-control-wrap\" data-name=\"your-message\"><textarea cols=\"40\" rows=\"10\" maxlength=\"2000\" class=\"wpcf7-form-control wpcf7-textarea\" aria-invalid=\"false\" name=\"your-message\"><\/textarea><\/span> <\/label>\n\t\t<\/p>\n\t<\/div>\n<\/div>\n<p><input class=\"wpcf7-form-control wpcf7-submit has-spinner\" type=\"submit\" value=\"Send Message\" \/>\n<\/p><div class=\"wpcf7-response-output\" aria-hidden=\"true\"><\/div>\n<\/form>\n<\/div>\n<\/div>\t\t\t\t<\/div>\n\t\t\t\t<\/div>\n\t\t\t\t\t<\/div>\n\t\t<\/div>\n\t\t\t\t\t<\/div>\n\t\t<\/section>\n\t\t\t\t<section class=\"elementor-section elementor-top-section elementor-element elementor-element-5ff1119 elementor-section-boxed elementor-section-height-default elementor-section-height-default\" data-id=\"5ff1119\" data-element_type=\"section\" data-e-type=\"section\">\n\t\t\t\t\t\t<div class=\"elementor-container elementor-column-gap-default\">\n\t\t\t\t\t<div class=\"elementor-column elementor-col-100 elementor-top-column elementor-element elementor-element-1a6a250\" data-id=\"1a6a250\" data-element_type=\"column\" data-e-type=\"column\">\n\t\t\t<div class=\"elementor-widget-wrap elementor-element-populated\">\n\t\t\t\t\t\t<div class=\"elementor-element elementor-element-67f9124 elementor-widget elementor-widget-text-editor\" data-id=\"67f9124\" data-element_type=\"widget\" data-e-type=\"widget\" data-widget_type=\"text-editor.default\">\n\t\t\t\t<div class=\"elementor-widget-container\">\n\t\t\t\t\t\t\t\t\t<p>QUERY CONTACT: L\u00f5\u00f5tsa tn 5, Tallinn, 11415 | COFFEECUP O\u00dc | +372-6835388 | coffeecup@coffeecup.ee<\/p>\n\t\t\t\t\t\t\t\t<\/div>\n\t\t\t\t<\/div>\n\t\t\t\t\t<\/div>\n\t\t<\/div>\n\t\t\t\t\t<\/div>\n\t\t<\/section>\n\t\t\t\t<\/div>\n\t\t","protected":false},"excerpt":{"rendered":"<p>CoffeeCup coffee tasting Coffee tasting or cupping, the goal of which is to find the coffee that best suits your taste buds, either in the office, in a coffee shop, or even in your home office. The taste of coffee is influenced by many different factors: where the coffee is grown, what type of coffee [&hellip;]<\/p>\n","protected":false},"author":41,"featured_media":24488,"parent":0,"menu_order":0,"comment_status":"closed","ping_status":"closed","template":"","meta":{"om_disable_all_campaigns":false,"_monsterinsights_skip_tracking":false,"_monsterinsights_sitenote_active":false,"_monsterinsights_sitenote_note":"","_monsterinsights_sitenote_category":0,"_uf_show_specific_survey":0,"_uf_disable_surveys":false,"footnotes":""},"class_list":["post-25134","page","type-page","status-publish","has-post-thumbnail","hentry"],"yoast_head":"<!-- This site is optimized with the Yoast SEO plugin v27.3 - https:\/\/yoast.com\/product\/yoast-seo-wordpress\/ -->\n<title>Tastings - Coffeecup.ee<\/title>\n<meta name=\"description\" content=\"Enjoy clean drinking water from stylish drinking water machines both at home and in the office. Chilled, unchilled, hot or carbonated.\" \/>\n<meta name=\"robots\" content=\"index, follow, max-snippet:-1, max-image-preview:large, max-video-preview:-1\" \/>\n<link rel=\"canonical\" href=\"https:\/\/coffeecup.ee\/en\/tastings\/\" \/>\n<meta property=\"og:locale\" content=\"en_US\" \/>\n<meta property=\"og:type\" content=\"article\" \/>\n<meta property=\"og:title\" content=\"Tastings - Coffeecup.ee\" \/>\n<meta property=\"og:description\" content=\"Enjoy clean drinking water from stylish drinking water machines both at home and in the office. Chilled, unchilled, hot or carbonated.\" \/>\n<meta property=\"og:url\" content=\"https:\/\/coffeecup.ee\/en\/tastings\/\" \/>\n<meta property=\"og:site_name\" content=\"Coffeecup.ee\" \/>\n<meta property=\"article:publisher\" content=\"https:\/\/www.facebook.com\/CoffeeCup.ee\/\" \/>\n<meta property=\"article:modified_time\" content=\"2023-05-08T05:00:09+00:00\" \/>\n<meta property=\"og:image\" content=\"https:\/\/coffeecup.ee\/wp-content\/uploads\/2021\/05\/Untitled-design-4-3-1024x533.png\" \/>\n\t<meta property=\"og:image:width\" content=\"1024\" \/>\n\t<meta property=\"og:image:height\" content=\"533\" \/>\n\t<meta property=\"og:image:type\" content=\"image\/png\" \/>\n<meta name=\"twitter:card\" content=\"summary_large_image\" \/>\n<meta name=\"twitter:site\" content=\"@coffeecupee\" \/>\n<meta name=\"twitter:label1\" content=\"Est. reading time\" \/>\n\t<meta name=\"twitter:data1\" content=\"1 minute\" \/>\n<script type=\"application\/ld+json\" class=\"yoast-schema-graph\">{\"@context\":\"https:\\\/\\\/schema.org\",\"@graph\":[{\"@type\":\"WebPage\",\"@id\":\"https:\\\/\\\/coffeecup.ee\\\/en\\\/tastings\\\/\",\"url\":\"https:\\\/\\\/coffeecup.ee\\\/en\\\/tastings\\\/\",\"name\":\"Tastings - Coffeecup.ee\",\"isPartOf\":{\"@id\":\"https:\\\/\\\/coffeecup.ee\\\/en\\\/#website\"},\"primaryImageOfPage\":{\"@id\":\"https:\\\/\\\/coffeecup.ee\\\/en\\\/tastings\\\/#primaryimage\"},\"image\":{\"@id\":\"https:\\\/\\\/coffeecup.ee\\\/en\\\/tastings\\\/#primaryimage\"},\"thumbnailUrl\":\"https:\\\/\\\/coffeecup.ee\\\/wp-content\\\/uploads\\\/2021\\\/05\\\/Untitled-design-4-3.png\",\"datePublished\":\"2022-10-10T17:44:56+00:00\",\"dateModified\":\"2023-05-08T05:00:09+00:00\",\"description\":\"Enjoy clean drinking water from stylish drinking water machines both at home and in the office. Chilled, unchilled, hot or carbonated.\",\"breadcrumb\":{\"@id\":\"https:\\\/\\\/coffeecup.ee\\\/en\\\/tastings\\\/#breadcrumb\"},\"inLanguage\":\"en-US\",\"potentialAction\":[{\"@type\":\"ReadAction\",\"target\":[\"https:\\\/\\\/coffeecup.ee\\\/en\\\/tastings\\\/\"]}]},{\"@type\":\"ImageObject\",\"inLanguage\":\"en-US\",\"@id\":\"https:\\\/\\\/coffeecup.ee\\\/en\\\/tastings\\\/#primaryimage\",\"url\":\"https:\\\/\\\/coffeecup.ee\\\/wp-content\\\/uploads\\\/2021\\\/05\\\/Untitled-design-4-3.png\",\"contentUrl\":\"https:\\\/\\\/coffeecup.ee\\\/wp-content\\\/uploads\\\/2021\\\/05\\\/Untitled-design-4-3.png\",\"width\":1920,\"height\":1000},{\"@type\":\"BreadcrumbList\",\"@id\":\"https:\\\/\\\/coffeecup.ee\\\/en\\\/tastings\\\/#breadcrumb\",\"itemListElement\":[{\"@type\":\"ListItem\",\"position\":1,\"name\":\"Home\",\"item\":\"https:\\\/\\\/coffeecup.ee\\\/en\\\/\"},{\"@type\":\"ListItem\",\"position\":2,\"name\":\"Tastings\"}]},{\"@type\":\"WebSite\",\"@id\":\"https:\\\/\\\/coffeecup.ee\\\/en\\\/#website\",\"url\":\"https:\\\/\\\/coffeecup.ee\\\/en\\\/\",\"name\":\"Coffeecup.ee - Kohvipood\",\"description\":\"CoffeeCup - Kohvioad ja kohvimasinad\",\"potentialAction\":[{\"@type\":\"SearchAction\",\"target\":{\"@type\":\"EntryPoint\",\"urlTemplate\":\"https:\\\/\\\/coffeecup.ee\\\/en\\\/?s={search_term_string}\"},\"query-input\":{\"@type\":\"PropertyValueSpecification\",\"valueRequired\":true,\"valueName\":\"search_term_string\"}}],\"inLanguage\":\"en-US\"}]}<\/script>\n<!-- \/ Yoast SEO plugin. -->","yoast_head_json":{"title":"Tastings - Coffeecup.ee","description":"Enjoy clean drinking water from stylish drinking water machines both at home and in the office. Chilled, unchilled, hot or carbonated.","robots":{"index":"index","follow":"follow","max-snippet":"max-snippet:-1","max-image-preview":"max-image-preview:large","max-video-preview":"max-video-preview:-1"},"canonical":"https:\/\/coffeecup.ee\/en\/tastings\/","og_locale":"en_US","og_type":"article","og_title":"Tastings - Coffeecup.ee","og_description":"Enjoy clean drinking water from stylish drinking water machines both at home and in the office. Chilled, unchilled, hot or carbonated.","og_url":"https:\/\/coffeecup.ee\/en\/tastings\/","og_site_name":"Coffeecup.ee","article_publisher":"https:\/\/www.facebook.com\/CoffeeCup.ee\/","article_modified_time":"2023-05-08T05:00:09+00:00","og_image":[{"width":1024,"height":533,"url":"https:\/\/coffeecup.ee\/wp-content\/uploads\/2021\/05\/Untitled-design-4-3-1024x533.png","type":"image\/png"}],"twitter_card":"summary_large_image","twitter_site":"@coffeecupee","twitter_misc":{"Est. reading time":"1 minute"},"schema":{"@context":"https:\/\/schema.org","@graph":[{"@type":"WebPage","@id":"https:\/\/coffeecup.ee\/en\/tastings\/","url":"https:\/\/coffeecup.ee\/en\/tastings\/","name":"Tastings - Coffeecup.ee","isPartOf":{"@id":"https:\/\/coffeecup.ee\/en\/#website"},"primaryImageOfPage":{"@id":"https:\/\/coffeecup.ee\/en\/tastings\/#primaryimage"},"image":{"@id":"https:\/\/coffeecup.ee\/en\/tastings\/#primaryimage"},"thumbnailUrl":"https:\/\/coffeecup.ee\/wp-content\/uploads\/2021\/05\/Untitled-design-4-3.png","datePublished":"2022-10-10T17:44:56+00:00","dateModified":"2023-05-08T05:00:09+00:00","description":"Enjoy clean drinking water from stylish drinking water machines both at home and in the office. Chilled, unchilled, hot or carbonated.","breadcrumb":{"@id":"https:\/\/coffeecup.ee\/en\/tastings\/#breadcrumb"},"inLanguage":"en-US","potentialAction":[{"@type":"ReadAction","target":["https:\/\/coffeecup.ee\/en\/tastings\/"]}]},{"@type":"ImageObject","inLanguage":"en-US","@id":"https:\/\/coffeecup.ee\/en\/tastings\/#primaryimage","url":"https:\/\/coffeecup.ee\/wp-content\/uploads\/2021\/05\/Untitled-design-4-3.png","contentUrl":"https:\/\/coffeecup.ee\/wp-content\/uploads\/2021\/05\/Untitled-design-4-3.png","width":1920,"height":1000},{"@type":"BreadcrumbList","@id":"https:\/\/coffeecup.ee\/en\/tastings\/#breadcrumb","itemListElement":[{"@type":"ListItem","position":1,"name":"Home","item":"https:\/\/coffeecup.ee\/en\/"},{"@type":"ListItem","position":2,"name":"Tastings"}]},{"@type":"WebSite","@id":"https:\/\/coffeecup.ee\/en\/#website","url":"https:\/\/coffeecup.ee\/en\/","name":"Coffeecup.ee - Kohvipood","description":"CoffeeCup - Kohvioad ja kohvimasinad","potentialAction":[{"@type":"SearchAction","target":{"@type":"EntryPoint","urlTemplate":"https:\/\/coffeecup.ee\/en\/?s={search_term_string}"},"query-input":{"@type":"PropertyValueSpecification","valueRequired":true,"valueName":"search_term_string"}}],"inLanguage":"en-US"}]}},"_links":{"self":[{"href":"https:\/\/coffeecup.ee\/en\/wp-json\/wp\/v2\/pages\/25134","targetHints":{"allow":["GET"]}}],"collection":[{"href":"https:\/\/coffeecup.ee\/en\/wp-json\/wp\/v2\/pages"}],"about":[{"href":"https:\/\/coffeecup.ee\/en\/wp-json\/wp\/v2\/types\/page"}],"author":[{"embeddable":true,"href":"https:\/\/coffeecup.ee\/en\/wp-json\/wp\/v2\/users\/41"}],"replies":[{"embeddable":true,"href":"https:\/\/coffeecup.ee\/en\/wp-json\/wp\/v2\/comments?post=25134"}],"version-history":[{"count":1,"href":"https:\/\/coffeecup.ee\/en\/wp-json\/wp\/v2\/pages\/25134\/revisions"}],"predecessor-version":[{"id":25136,"href":"https:\/\/coffeecup.ee\/en\/wp-json\/wp\/v2\/pages\/25134\/revisions\/25136"}],"wp:featuredmedia":[{"embeddable":true,"href":"https:\/\/coffeecup.ee\/en\/wp-json\/wp\/v2\/media\/24488"}],"wp:attachment":[{"href":"https:\/\/coffeecup.ee\/en\/wp-json\/wp\/v2\/media?parent=25134"}],"curies":[{"name":"wp","href":"https:\/\/api.w.org\/{rel}","templated":true}]}}