{"id":25154,"date":"2021-09-21T16:39:20","date_gmt":"2021-09-21T13:39:20","guid":{"rendered":"http:\/\/coffeecup.ee\/our-brand\/"},"modified":"2026-03-12T23:07:58","modified_gmt":"2026-03-12T20:07:58","slug":"our-brand","status":"publish","type":"page","link":"http:\/\/coffeecup.ee\/en\/our-brand\/","title":{"rendered":"Our brand"},"content":{"rendered":"\t\t<div data-elementor-type=\"wp-page\" data-elementor-id=\"25154\" class=\"elementor elementor-25154 elementor-18482\">\n\t\t\t\t\t\t<section class=\"elementor-section elementor-top-section elementor-element elementor-element-defa67e elementor-section-boxed elementor-section-height-default elementor-section-height-default\" data-id=\"defa67e\" data-element_type=\"section\" data-e-type=\"section\">\n\t\t\t\t\t\t<div class=\"elementor-container elementor-column-gap-default\">\n\t\t\t\t\t<div class=\"elementor-column elementor-col-25 elementor-top-column elementor-element elementor-element-452dd15\" data-id=\"452dd15\" data-element_type=\"column\" data-e-type=\"column\">\n\t\t\t<div class=\"elementor-widget-wrap\">\n\t\t\t\t\t\t\t<\/div>\n\t\t<\/div>\n\t\t\t\t<div class=\"elementor-column elementor-col-50 elementor-top-column elementor-element elementor-element-b616d54\" data-id=\"b616d54\" data-element_type=\"column\" data-e-type=\"column\">\n\t\t\t<div class=\"elementor-widget-wrap elementor-element-populated\">\n\t\t\t\t\t\t<div class=\"elementor-element elementor-element-714ae60 elementor-widget elementor-widget-image\" data-id=\"714ae60\" data-element_type=\"widget\" data-e-type=\"widget\" data-widget_type=\"image.default\">\n\t\t\t\t<div class=\"elementor-widget-container\">\n\t\t\t\t\t\t\t\t\t\t\t\t\t\t\t<img decoding=\"async\" width=\"300\" height=\"74\" src=\"http:\/\/coffeecup.ee\/wp-content\/uploads\/2021\/05\/coffeecup-logo-01-sloganiga-valge_tausta_jaoks-300x74.png\" class=\"attachment-medium size-medium wp-image-23676\" alt=\"\" srcset=\"http:\/\/coffeecup.ee\/wp-content\/uploads\/2021\/05\/coffeecup-logo-01-sloganiga-valge_tausta_jaoks-300x74.png 300w, http:\/\/coffeecup.ee\/wp-content\/uploads\/2021\/05\/coffeecup-logo-01-sloganiga-valge_tausta_jaoks-768x190.png 768w, http:\/\/coffeecup.ee\/wp-content\/uploads\/2021\/05\/coffeecup-logo-01-sloganiga-valge_tausta_jaoks-790x196.png 790w, http:\/\/coffeecup.ee\/wp-content\/uploads\/2021\/05\/coffeecup-logo-01-sloganiga-valge_tausta_jaoks-800x198.png 800w, http:\/\/coffeecup.ee\/wp-content\/uploads\/2021\/05\/coffeecup-logo-01-sloganiga-valge_tausta_jaoks-600x149.png 600w, http:\/\/coffeecup.ee\/wp-content\/uploads\/2021\/05\/coffeecup-logo-01-sloganiga-valge_tausta_jaoks.png 1005w\" sizes=\"(max-width: 300px) 100vw, 300px\" \/>\t\t\t\t\t\t\t\t\t\t\t\t\t\t\t<\/div>\n\t\t\t\t<\/div>\n\t\t\t\t\t<\/div>\n\t\t<\/div>\n\t\t\t\t<div class=\"elementor-column elementor-col-25 elementor-top-column elementor-element elementor-element-1b1b439\" data-id=\"1b1b439\" data-element_type=\"column\" data-e-type=\"column\">\n\t\t\t<div class=\"elementor-widget-wrap elementor-element-populated\">\n\t\t\t\t\t\t\t<\/div>\n\t\t<\/div>\n\t\t\t\t\t<\/div>\n\t\t<\/section>\n\t\t\t\t<section class=\"elementor-section elementor-top-section elementor-element elementor-element-3c00895 elementor-section-boxed elementor-section-height-default elementor-section-height-default\" data-id=\"3c00895\" data-element_type=\"section\" data-e-type=\"section\">\n\t\t\t\t\t\t<div class=\"elementor-container elementor-column-gap-default\">\n\t\t\t\t\t<div class=\"elementor-column elementor-col-100 elementor-top-column elementor-element elementor-element-d5fd7b8\" data-id=\"d5fd7b8\" data-element_type=\"column\" data-e-type=\"column\">\n\t\t\t<div class=\"elementor-widget-wrap elementor-element-populated\">\n\t\t\t\t\t\t<div class=\"elementor-element elementor-element-7bbbd32 elementor-widget elementor-widget-text-editor\" data-id=\"7bbbd32\" data-element_type=\"widget\" data-e-type=\"widget\" data-widget_type=\"text-editor.default\">\n\t\t\t\t<div class=\"elementor-widget-container\">\n\t\t\t\t\t\t\t\t\t<h6 style=\"text-align: center;\">More about CoffeeCup<\/h6>\n<p>The principle of CoffeeCup is simple, we are a company where we ourselves would like to be a customer and we are a team we would like to belong to.<\/p>\n<p>CoffeeCup started in 2006 when Mart and \u00dcllar, having already worked in the coffee world for many years, decided to do it themselves, differently and better, and as our tagline says, &#8220;Another bean&#8230;&#8221;<span class=\"Apple-converted-space\"> <\/span><\/p>\n<p>Just like in the beginning, today we have a face and action + our own recipes and coffees, different services and a very flexible and customer-friendly approach.<\/p>\n<p>Watch a video of what we do <strong><a href=\"https:\/\/www.youtube.com\/watch?v=iQukDC2yCdM&amp;t=12s\">here<\/a><\/strong><\/p>\n\t\t\t\t\t\t\t\t<\/div>\n\t\t\t\t<\/div>\n\t\t\t\t\t<\/div>\n\t\t<\/div>\n\t\t\t\t\t<\/div>\n\t\t<\/section>\n\t\t\t\t<section class=\"elementor-section elementor-top-section elementor-element elementor-element-8e25cef elementor-section-boxed elementor-section-height-default elementor-section-height-default\" data-id=\"8e25cef\" data-element_type=\"section\" data-e-type=\"section\">\n\t\t\t\t\t\t<div class=\"elementor-container elementor-column-gap-default\">\n\t\t\t\t\t<div class=\"elementor-column elementor-col-50 elementor-top-column elementor-element elementor-element-0a9c3b5\" data-id=\"0a9c3b5\" data-element_type=\"column\" data-e-type=\"column\">\n\t\t\t<div class=\"elementor-widget-wrap elementor-element-populated\">\n\t\t\t\t\t\t<div class=\"elementor-element elementor-element-d525fb0 elementor-arrows-position-inside elementor-pagination-position-outside elementor-widget elementor-widget-image-carousel\" data-id=\"d525fb0\" data-element_type=\"widget\" data-e-type=\"widget\" data-settings=\"{&quot;slides_to_show&quot;:&quot;1&quot;,&quot;navigation&quot;:&quot;both&quot;,&quot;autoplay&quot;:&quot;yes&quot;,&quot;pause_on_hover&quot;:&quot;yes&quot;,&quot;pause_on_interaction&quot;:&quot;yes&quot;,&quot;autoplay_speed&quot;:5000,&quot;infinite&quot;:&quot;yes&quot;,&quot;effect&quot;:&quot;slide&quot;,&quot;speed&quot;:500}\" data-widget_type=\"image-carousel.default\">\n\t\t\t\t<div class=\"elementor-widget-container\">\n\t\t\t\t\t\t\t<div class=\"elementor-image-carousel-wrapper swiper\" role=\"region\" aria-roledescription=\"carousel\" aria-label=\"Image Carousel\" dir=\"ltr\">\n\t\t\t<div class=\"elementor-image-carousel swiper-wrapper\" aria-live=\"off\">\n\t\t\t\t\t\t\t\t<div class=\"swiper-slide\" role=\"group\" aria-roledescription=\"slide\" aria-label=\"1 of 4\"><figure class=\"swiper-slide-inner\"><img decoding=\"async\" class=\"swiper-slide-image\" src=\"http:\/\/coffeecup.ee\/wp-content\/uploads\/2019\/06\/Untitled-design-2-1.png\" alt=\"Untitled design-2\" \/><\/figure><\/div><div class=\"swiper-slide\" role=\"group\" aria-roledescription=\"slide\" aria-label=\"2 of 4\"><figure class=\"swiper-slide-inner\"><img decoding=\"async\" class=\"swiper-slide-image\" src=\"http:\/\/coffeecup.ee\/wp-content\/uploads\/2019\/06\/3-2.png\" alt=\"3\" \/><\/figure><\/div><div class=\"swiper-slide\" role=\"group\" aria-roledescription=\"slide\" aria-label=\"3 of 4\"><figure class=\"swiper-slide-inner\"><img decoding=\"async\" class=\"swiper-slide-image\" src=\"http:\/\/coffeecup.ee\/wp-content\/uploads\/2019\/06\/2-3.png\" alt=\"2\" \/><\/figure><\/div><div class=\"swiper-slide\" role=\"group\" aria-roledescription=\"slide\" aria-label=\"4 of 4\"><figure class=\"swiper-slide-inner\"><img decoding=\"async\" class=\"swiper-slide-image\" src=\"http:\/\/coffeecup.ee\/wp-content\/uploads\/2019\/06\/1-1.png\" alt=\"1\" \/><\/figure><\/div>\t\t\t<\/div>\n\t\t\t\t\t\t\t\t\t\t\t\t<div class=\"elementor-swiper-button elementor-swiper-button-prev\" role=\"button\" tabindex=\"0\">\n\t\t\t\t\t\t<i aria-hidden=\"true\" class=\"eicon-chevron-left\"><\/i>\t\t\t\t\t<\/div>\n\t\t\t\t\t<div class=\"elementor-swiper-button elementor-swiper-button-next\" role=\"button\" tabindex=\"0\">\n\t\t\t\t\t\t<i aria-hidden=\"true\" class=\"eicon-chevron-right\"><\/i>\t\t\t\t\t<\/div>\n\t\t\t\t\n\t\t\t\t\t\t\t\t\t<div class=\"swiper-pagination\"><\/div>\n\t\t\t\t\t\t\t\t\t<\/div>\n\t\t\t\t\t\t<\/div>\n\t\t\t\t<\/div>\n\t\t\t\t\t<\/div>\n\t\t<\/div>\n\t\t\t\t<div class=\"elementor-column elementor-col-50 elementor-top-column elementor-element elementor-element-cf8b1e6\" data-id=\"cf8b1e6\" data-element_type=\"column\" data-e-type=\"column\">\n\t\t\t<div class=\"elementor-widget-wrap elementor-element-populated\">\n\t\t\t\t\t\t<div class=\"elementor-element elementor-element-33a603f elementor-arrows-position-inside elementor-pagination-position-outside elementor-widget elementor-widget-image-carousel\" data-id=\"33a603f\" data-element_type=\"widget\" data-e-type=\"widget\" data-settings=\"{&quot;slides_to_show&quot;:&quot;1&quot;,&quot;navigation&quot;:&quot;both&quot;,&quot;autoplay&quot;:&quot;yes&quot;,&quot;pause_on_hover&quot;:&quot;yes&quot;,&quot;pause_on_interaction&quot;:&quot;yes&quot;,&quot;autoplay_speed&quot;:5000,&quot;infinite&quot;:&quot;yes&quot;,&quot;effect&quot;:&quot;slide&quot;,&quot;speed&quot;:500}\" data-widget_type=\"image-carousel.default\">\n\t\t\t\t<div class=\"elementor-widget-container\">\n\t\t\t\t\t\t\t<div class=\"elementor-image-carousel-wrapper swiper\" role=\"region\" aria-roledescription=\"carousel\" aria-label=\"Image Carousel\" dir=\"ltr\">\n\t\t\t<div class=\"elementor-image-carousel swiper-wrapper\" aria-live=\"off\">\n\t\t\t\t\t\t\t\t<div class=\"swiper-slide\" role=\"group\" aria-roledescription=\"slide\" aria-label=\"1 of 4\"><figure class=\"swiper-slide-inner\"><img decoding=\"async\" class=\"swiper-slide-image\" src=\"http:\/\/coffeecup.ee\/wp-content\/uploads\/2019\/06\/1.png\" alt=\"1\" \/><\/figure><\/div><div class=\"swiper-slide\" role=\"group\" aria-roledescription=\"slide\" aria-label=\"2 of 4\"><figure class=\"swiper-slide-inner\"><img decoding=\"async\" class=\"swiper-slide-image\" src=\"http:\/\/coffeecup.ee\/wp-content\/uploads\/2019\/06\/3-1.png\" alt=\"3\" \/><\/figure><\/div><div class=\"swiper-slide\" role=\"group\" aria-roledescription=\"slide\" aria-label=\"3 of 4\"><figure class=\"swiper-slide-inner\"><img decoding=\"async\" class=\"swiper-slide-image\" src=\"http:\/\/coffeecup.ee\/wp-content\/uploads\/2019\/06\/2-2.png\" alt=\"2\" \/><\/figure><\/div><div class=\"swiper-slide\" role=\"group\" aria-roledescription=\"slide\" aria-label=\"4 of 4\"><figure class=\"swiper-slide-inner\"><img decoding=\"async\" class=\"swiper-slide-image\" src=\"http:\/\/coffeecup.ee\/wp-content\/uploads\/2019\/06\/Untitled-design-2.png\" alt=\"Untitled design-2\" \/><\/figure><\/div>\t\t\t<\/div>\n\t\t\t\t\t\t\t\t\t\t\t\t<div class=\"elementor-swiper-button elementor-swiper-button-prev\" role=\"button\" tabindex=\"0\">\n\t\t\t\t\t\t<i aria-hidden=\"true\" class=\"eicon-chevron-left\"><\/i>\t\t\t\t\t<\/div>\n\t\t\t\t\t<div class=\"elementor-swiper-button elementor-swiper-button-next\" role=\"button\" tabindex=\"0\">\n\t\t\t\t\t\t<i aria-hidden=\"true\" class=\"eicon-chevron-right\"><\/i>\t\t\t\t\t<\/div>\n\t\t\t\t\n\t\t\t\t\t\t\t\t\t<div class=\"swiper-pagination\"><\/div>\n\t\t\t\t\t\t\t\t\t<\/div>\n\t\t\t\t\t\t<\/div>\n\t\t\t\t<\/div>\n\t\t\t\t\t<\/div>\n\t\t<\/div>\n\t\t\t\t\t<\/div>\n\t\t<\/section>\n\t\t\t\t<section class=\"elementor-section elementor-top-section elementor-element elementor-element-5ff1119 elementor-section-boxed elementor-section-height-default elementor-section-height-default\" data-id=\"5ff1119\" data-element_type=\"section\" data-e-type=\"section\">\n\t\t\t\t\t\t<div class=\"elementor-container elementor-column-gap-default\">\n\t\t\t\t\t<div class=\"elementor-column elementor-col-100 elementor-top-column elementor-element elementor-element-1a6a250\" data-id=\"1a6a250\" data-element_type=\"column\" data-e-type=\"column\">\n\t\t\t<div class=\"elementor-widget-wrap elementor-element-populated\">\n\t\t\t\t\t\t<div class=\"elementor-element elementor-element-67f9124 elementor-widget elementor-widget-text-editor\" data-id=\"67f9124\" data-element_type=\"widget\" data-e-type=\"widget\" data-widget_type=\"text-editor.default\">\n\t\t\t\t<div class=\"elementor-widget-container\">\n\t\t\t\t\t\t\t\t\t<p>QUERY CONTACT: L\u00f5\u00f5tsa tn 5, Tallinn, 11415 | Joogiekspert O\u00dc | +372-6835388 | coffeecup@coffeecup.ee<\/p>\t\t\t\t\t\t\t\t<\/div>\n\t\t\t\t<\/div>\n\t\t\t\t\t<\/div>\n\t\t<\/div>\n\t\t\t\t\t<\/div>\n\t\t<\/section>\n\t\t\t\t<\/div>\n\t\t","protected":false},"excerpt":{"rendered":"<p>More about CoffeeCup The principle of CoffeeCup is simple, we are a company where we ourselves would like to be a customer and we are a team we would like to belong to. CoffeeCup started in 2006 when Mart and \u00dcllar, having already worked in the coffee world for many years, decided to do it [&hellip;]<\/p>\n","protected":false},"author":41,"featured_media":24647,"parent":0,"menu_order":0,"comment_status":"closed","ping_status":"closed","template":"","meta":{"om_disable_all_campaigns":false,"_monsterinsights_skip_tracking":false,"_monsterinsights_sitenote_active":false,"_monsterinsights_sitenote_note":"","_monsterinsights_sitenote_category":0,"_uf_show_specific_survey":0,"_uf_disable_surveys":false,"footnotes":""},"class_list":["post-25154","page","type-page","status-publish","has-post-thumbnail","hentry"],"yoast_head":"<!-- This site is optimized with the Yoast SEO plugin v27.4 - https:\/\/yoast.com\/product\/yoast-seo-wordpress\/ -->\n<title>Our brand - Coffeecup.ee<\/title>\n<meta name=\"description\" content=\"CoffeeCup coffees are made daily in our coffee roastery in Loo, on the outskirts of Tallinn. For more information, visit our website\" \/>\n<meta name=\"robots\" content=\"index, follow, max-snippet:-1, max-image-preview:large, max-video-preview:-1\" \/>\n<link rel=\"canonical\" href=\"http:\/\/coffeecup.ee\/en\/our-brand\/\" \/>\n<meta property=\"og:locale\" content=\"en_US\" \/>\n<meta property=\"og:type\" content=\"article\" \/>\n<meta property=\"og:title\" content=\"Our brand - Coffeecup.ee\" \/>\n<meta property=\"og:description\" content=\"CoffeeCup coffees are made daily in our coffee roastery in Loo, on the outskirts of Tallinn. For more information, visit our website\" \/>\n<meta property=\"og:url\" content=\"http:\/\/coffeecup.ee\/en\/our-brand\/\" \/>\n<meta property=\"og:site_name\" content=\"Coffeecup.ee\" \/>\n<meta property=\"article:publisher\" content=\"https:\/\/www.facebook.com\/CoffeeCup.ee\/\" \/>\n<meta property=\"article:modified_time\" content=\"2026-03-12T20:07:58+00:00\" \/>\n<meta property=\"og:image\" content=\"http:\/\/coffeecup.ee\/wp-content\/uploads\/2022\/02\/2-1-1024x533.png\" \/>\n\t<meta property=\"og:image:width\" content=\"1024\" \/>\n\t<meta property=\"og:image:height\" content=\"533\" \/>\n\t<meta property=\"og:image:type\" content=\"image\/png\" \/>\n<meta name=\"twitter:card\" content=\"summary_large_image\" \/>\n<meta name=\"twitter:site\" content=\"@coffeecupee\" \/>\n<meta name=\"twitter:label1\" content=\"Est. reading time\" \/>\n\t<meta name=\"twitter:data1\" content=\"1 minute\" \/>\n<script type=\"application\/ld+json\" class=\"yoast-schema-graph\">{\"@context\":\"https:\\\/\\\/schema.org\",\"@graph\":[{\"@type\":\"WebPage\",\"@id\":\"http:\\\/\\\/coffeecup.ee\\\/en\\\/our-brand\\\/\",\"url\":\"http:\\\/\\\/coffeecup.ee\\\/en\\\/our-brand\\\/\",\"name\":\"Our brand - Coffeecup.ee\",\"isPartOf\":{\"@id\":\"https:\\\/\\\/coffeecup.ee\\\/en\\\/#website\"},\"primaryImageOfPage\":{\"@id\":\"http:\\\/\\\/coffeecup.ee\\\/en\\\/our-brand\\\/#primaryimage\"},\"image\":{\"@id\":\"http:\\\/\\\/coffeecup.ee\\\/en\\\/our-brand\\\/#primaryimage\"},\"thumbnailUrl\":\"http:\\\/\\\/coffeecup.ee\\\/wp-content\\\/uploads\\\/2022\\\/02\\\/2-1.png\",\"datePublished\":\"2021-09-21T13:39:20+00:00\",\"dateModified\":\"2026-03-12T20:07:58+00:00\",\"description\":\"CoffeeCup coffees are made daily in our coffee roastery in Loo, on the outskirts of Tallinn. For more information, visit our website\",\"breadcrumb\":{\"@id\":\"http:\\\/\\\/coffeecup.ee\\\/en\\\/our-brand\\\/#breadcrumb\"},\"inLanguage\":\"en-US\",\"potentialAction\":[{\"@type\":\"ReadAction\",\"target\":[\"http:\\\/\\\/coffeecup.ee\\\/en\\\/our-brand\\\/\"]}]},{\"@type\":\"ImageObject\",\"inLanguage\":\"en-US\",\"@id\":\"http:\\\/\\\/coffeecup.ee\\\/en\\\/our-brand\\\/#primaryimage\",\"url\":\"http:\\\/\\\/coffeecup.ee\\\/wp-content\\\/uploads\\\/2022\\\/02\\\/2-1.png\",\"contentUrl\":\"http:\\\/\\\/coffeecup.ee\\\/wp-content\\\/uploads\\\/2022\\\/02\\\/2-1.png\",\"width\":1920,\"height\":1000},{\"@type\":\"BreadcrumbList\",\"@id\":\"http:\\\/\\\/coffeecup.ee\\\/en\\\/our-brand\\\/#breadcrumb\",\"itemListElement\":[{\"@type\":\"ListItem\",\"position\":1,\"name\":\"Home\",\"item\":\"https:\\\/\\\/coffeecup.ee\\\/en\\\/\"},{\"@type\":\"ListItem\",\"position\":2,\"name\":\"Our brand\"}]},{\"@type\":\"WebSite\",\"@id\":\"https:\\\/\\\/coffeecup.ee\\\/en\\\/#website\",\"url\":\"https:\\\/\\\/coffeecup.ee\\\/en\\\/\",\"name\":\"Coffeecup.ee - Kohvipood\",\"description\":\"CoffeeCup - Kohvioad ja kohvimasinad\",\"potentialAction\":[{\"@type\":\"SearchAction\",\"target\":{\"@type\":\"EntryPoint\",\"urlTemplate\":\"https:\\\/\\\/coffeecup.ee\\\/en\\\/?s={search_term_string}\"},\"query-input\":{\"@type\":\"PropertyValueSpecification\",\"valueRequired\":true,\"valueName\":\"search_term_string\"}}],\"inLanguage\":\"en-US\"}]}<\/script>\n<!-- \/ Yoast SEO plugin. -->","yoast_head_json":{"title":"Our brand - Coffeecup.ee","description":"CoffeeCup coffees are made daily in our coffee roastery in Loo, on the outskirts of Tallinn. For more information, visit our website","robots":{"index":"index","follow":"follow","max-snippet":"max-snippet:-1","max-image-preview":"max-image-preview:large","max-video-preview":"max-video-preview:-1"},"canonical":"http:\/\/coffeecup.ee\/en\/our-brand\/","og_locale":"en_US","og_type":"article","og_title":"Our brand - Coffeecup.ee","og_description":"CoffeeCup coffees are made daily in our coffee roastery in Loo, on the outskirts of Tallinn. For more information, visit our website","og_url":"http:\/\/coffeecup.ee\/en\/our-brand\/","og_site_name":"Coffeecup.ee","article_publisher":"https:\/\/www.facebook.com\/CoffeeCup.ee\/","article_modified_time":"2026-03-12T20:07:58+00:00","og_image":[{"width":1024,"height":533,"url":"http:\/\/coffeecup.ee\/wp-content\/uploads\/2022\/02\/2-1-1024x533.png","type":"image\/png"}],"twitter_card":"summary_large_image","twitter_site":"@coffeecupee","twitter_misc":{"Est. reading time":"1 minute"},"schema":{"@context":"https:\/\/schema.org","@graph":[{"@type":"WebPage","@id":"http:\/\/coffeecup.ee\/en\/our-brand\/","url":"http:\/\/coffeecup.ee\/en\/our-brand\/","name":"Our brand - Coffeecup.ee","isPartOf":{"@id":"https:\/\/coffeecup.ee\/en\/#website"},"primaryImageOfPage":{"@id":"http:\/\/coffeecup.ee\/en\/our-brand\/#primaryimage"},"image":{"@id":"http:\/\/coffeecup.ee\/en\/our-brand\/#primaryimage"},"thumbnailUrl":"http:\/\/coffeecup.ee\/wp-content\/uploads\/2022\/02\/2-1.png","datePublished":"2021-09-21T13:39:20+00:00","dateModified":"2026-03-12T20:07:58+00:00","description":"CoffeeCup coffees are made daily in our coffee roastery in Loo, on the outskirts of Tallinn. For more information, visit our website","breadcrumb":{"@id":"http:\/\/coffeecup.ee\/en\/our-brand\/#breadcrumb"},"inLanguage":"en-US","potentialAction":[{"@type":"ReadAction","target":["http:\/\/coffeecup.ee\/en\/our-brand\/"]}]},{"@type":"ImageObject","inLanguage":"en-US","@id":"http:\/\/coffeecup.ee\/en\/our-brand\/#primaryimage","url":"http:\/\/coffeecup.ee\/wp-content\/uploads\/2022\/02\/2-1.png","contentUrl":"http:\/\/coffeecup.ee\/wp-content\/uploads\/2022\/02\/2-1.png","width":1920,"height":1000},{"@type":"BreadcrumbList","@id":"http:\/\/coffeecup.ee\/en\/our-brand\/#breadcrumb","itemListElement":[{"@type":"ListItem","position":1,"name":"Home","item":"https:\/\/coffeecup.ee\/en\/"},{"@type":"ListItem","position":2,"name":"Our brand"}]},{"@type":"WebSite","@id":"https:\/\/coffeecup.ee\/en\/#website","url":"https:\/\/coffeecup.ee\/en\/","name":"Coffeecup.ee - Kohvipood","description":"CoffeeCup - Kohvioad ja kohvimasinad","potentialAction":[{"@type":"SearchAction","target":{"@type":"EntryPoint","urlTemplate":"https:\/\/coffeecup.ee\/en\/?s={search_term_string}"},"query-input":{"@type":"PropertyValueSpecification","valueRequired":true,"valueName":"search_term_string"}}],"inLanguage":"en-US"}]}},"_links":{"self":[{"href":"http:\/\/coffeecup.ee\/en\/wp-json\/wp\/v2\/pages\/25154","targetHints":{"allow":["GET"]}}],"collection":[{"href":"http:\/\/coffeecup.ee\/en\/wp-json\/wp\/v2\/pages"}],"about":[{"href":"http:\/\/coffeecup.ee\/en\/wp-json\/wp\/v2\/types\/page"}],"author":[{"embeddable":true,"href":"http:\/\/coffeecup.ee\/en\/wp-json\/wp\/v2\/users\/41"}],"replies":[{"embeddable":true,"href":"http:\/\/coffeecup.ee\/en\/wp-json\/wp\/v2\/comments?post=25154"}],"version-history":[{"count":4,"href":"http:\/\/coffeecup.ee\/en\/wp-json\/wp\/v2\/pages\/25154\/revisions"}],"predecessor-version":[{"id":69276,"href":"http:\/\/coffeecup.ee\/en\/wp-json\/wp\/v2\/pages\/25154\/revisions\/69276"}],"wp:featuredmedia":[{"embeddable":true,"href":"http:\/\/coffeecup.ee\/en\/wp-json\/wp\/v2\/media\/24647"}],"wp:attachment":[{"href":"http:\/\/coffeecup.ee\/en\/wp-json\/wp\/v2\/media?parent=25154"}],"curies":[{"name":"wp","href":"https:\/\/api.w.org\/{rel}","templated":true}]}}